{"id":571,"date":"2018-03-09T10:29:09","date_gmt":"2018-03-09T10:29:09","guid":{"rendered":"http:\/\/www.smart-rocket.com\/dz-fr\/website-privacy\/"},"modified":"2018-03-09T10:29:09","modified_gmt":"2018-03-09T10:29:09","slug":"website-privacy","status":"publish","type":"page","link":"https:\/\/www.smart-rocket.com\/dz-fr\/website-privacy\/","title":{"rendered":"Politique de confidentialit\u00e9 du site"},"content":{"rendered":"<p>Nous accordons une tr\u00e9s grande importance au respect de votre vie priv\u00e9e. Cette politique de confidentialit\u00e9 s&rsquo;applique aux personnes souhaitant en savoir plus sur les produits et services SmartRocket. Et cela est applicable aussi aux donn\u00e9es soumises sur www.smart-rocket.com. Cette politique de confidentialit\u00e9 ne s&rsquo;applique PAS aux agents et aux membres de la communaut\u00e9 SmartRocket. &#8211; Veuillez consulter la politique relative \u00e0 ces personnes <a href=\"http:\/\/www.smart-rocket.com\/ma-fr\/terms-of-service\/\">ici<\/a>.<\/p>\n<h4>Politique de confidentialit\u00e9 du site<\/h4>\n<p>Merci de votre int\u00e9r\u00eat pour SmartRocket. La plate-forme Internet SmartRocket est d\u00e9tenue et exploit\u00e9e par Red Ocean Solutions Ltd. (\u00abROSL\u00bb), une soci\u00e9t\u00e9 enregistr\u00e9e \u00e0 Hong Kong S.A.R. et leurs licenci\u00e9s autoris\u00e9s dans differents pays, collectivement \u00ab\u00a0ROSLAL\u00a0\u00bb.<\/p>\n<h4>Protection des donn\u00e9es en ligne<\/h4>\n<p>Nous accordons une tr\u00e8s grande importance au respect de votre vie priv\u00e9e. Cette politique de confidentialit\u00e9 s&rsquo;applique aux personnes souhaitant en savoir plus sur les produits et services SmartRocket. Et cela est applicable aussi aux donn\u00e9es soumises sur www.smart-rocket.com. Cette politique de confidentialit\u00e9 ne s&rsquo;applique PAS aux agents et aux membres de la communaut\u00e9 SmartRocket. &#8211; Veuillez consulter le lien \u00abConditions d&rsquo;utilisation et confidentialit\u00e9\u00bb dans la rubrique \u00abNotre \u00e9quipe\u00bb en bas du site Web pour consulter la politique relative \u00e0 ces personnes.<br \/>\nEn visitant le site Web SmartRocket, vous acceptez les pratiques d\u00e9crites dans cette politique de confidentialit\u00e9. Si vous n&rsquo;\u00eates pas d&rsquo;accord avec cette politique, pri\u00e8re de ne pas utiliser ce site. ROSLAL r\u00e9vise p\u00e9riodiquement cette politique de confidentialit\u00e9 et se r\u00e9serve le droit, \u00e0 sa discr\u00e9tion, de modifier ou de supprimer des parties de cette politique \u00e0 tout moment. Cette page devrait \u00eatre revue p\u00e9riodiquement afin que vous soyez tenu au courant de tout changement.<\/p>\n<h4>Quelles informations collectons-nous ?<\/h4>\n<p>Vos donn\u00e9es personnelles sont collect\u00e9es lorsque vous remplissez et soumettez un formulaire de contact ou communiquez par courrier \u00e9lectronique. ROSLAL collectera et conservera les d\u00e9tails de votre nom, soci\u00e9t\u00e9, adresse, adresse e-mail, num\u00e9ro de t\u00e9l\u00e9phone, toute information que vous fournissez sur les domaines qui vous int\u00e9ressent, les informations que vous fournissez en r\u00e9ponse \u00e0 toute campagne marketing ROSLAL et toutes autres informations personnelles divulgu\u00e9es par vous. Nous croyons que les d\u00e9tails de vos domaines d&rsquo;int\u00e9r\u00eat ou de vos r\u00e9ponses nous aideront \u00e0 adapter nos communications de mani\u00e8re sp\u00e9cifique \u00e0 l&rsquo;avenir. ROSLAL respecte les normes du secteur g\u00e9n\u00e9ralement accept\u00e9es pour prot\u00e9ger les informations qui nous sont soumises et traite toutes ces informations avec soin et respect. Si vous avez des questions sur la s\u00e9curit\u00e9 sur notre site Web, vous pouvez nous envoyer un courriel \u00e0 l&rsquo;adresse indiqu\u00e9e dans la rubrique Contact ci-dessous.<\/p>\n<h4>Ce que nous faisons avec cette information<\/h4>\n<p>En nous contactant, vous consentez \u00e0 ce que nous conservions les donn\u00e9es personnelles contenues dans le formulaire ou par courriel dans le but de r\u00e9pondre \u00e0 votre demande imm\u00e9diate et de vous contacter occasionnellement (y compris par t\u00e9l\u00e9phone) pour vous informer des changements apport\u00e9s \u00e0 nos services et de nouvelles informations qui pourraient \u00e9ventuellement vous int\u00e9resser. Vous avez \u00e9galement la possibilit\u00e9 de vous inscrire \u00e0 une newsletter. Ce faisant, vous consentez \u00e0 ce que nous vous ajoutions \u00e0 notre liste de diffusion r\u00e9guli\u00e8re, qui peut inclure des informations sur les produits et services ROSLAL, des communiqu\u00e9s de presse, des invitations \u00e0 des s\u00e9minaires ou des ateliers ROSLAL et d&rsquo;autres informations susceptibles de vous int\u00e9resser.<\/p>\n<h4>Avec qui allons-nous partager vos informations ?<\/h4>\n<p>En soumettant vos donn\u00e9es personnelles \u00e0 ROSLAL, comme d\u00e9crit ci-dessus, vous consentez \u00e0 ce que nous partagions vos informations personnelles au sein du groupe d&rsquo;entreprises ROSL. D&rsquo;autres soci\u00e9t\u00e9s du groupe ROSL peuvent vous contacter p\u00e9riodiquement sur des sujets qui pourraient vous int\u00e9resser. Vous pouvez choisir de ne plus recevoir ces nouvelles et ces communications promotionnelles, \u00e0 tout moment, en nous en avisant par courriel (voir la rubrique Contact ci-dessous).<br \/>\nSi ROSLAL ou ses actifs sont acquis, ou si ROSLAL est impliqu\u00e9e dans une fusion, les informations personnellement identifiables telles que celles d\u00e9crites dans cette politique peuvent \u00eatre l&rsquo;un des actifs qui sont transf\u00e9r\u00e9s ou acquis par un tiers.<br \/>\nNous nous r\u00e9servons le droit de divulguer vos informations personnelles identifiables dans le cas improbable o\u00f9 ces informations sont susceptibles d&rsquo;\u00eatre divulgu\u00e9es en vertu d&rsquo;une assignation, d&rsquo;un mandat, d&rsquo;une d\u00e9cision ou d&rsquo;une autre exigence l\u00e9gale ou r\u00e9glementaire similaire.<\/p>\n<h4>Cookies<\/h4>\n<p>Les cookies sont de petits fichiers qui demandent la permission d&rsquo;\u00eatre plac\u00e9s sur votre ordinateur par les sites Web que vous visitez. Votre navigateur Web peut autoriser les options de blocage ou de suppression des cookies. Toutefois, dans certains cas, \u00e0 moins que les cookies ne soient accept\u00e9s, certaines parties de notre site Web ne fonctionneront pas enti\u00e8rement ou pas du tout. Si vous autorisez l&rsquo;utilisation de cookies, lorsque vous consultez notre site Web, nous stockons certains fichiers cookies, ce qui nous permettra de mesurer l&rsquo;utilisation des pages et des fonctionnalit\u00e9s de notre site Web et de vous permettre d&rsquo;utiliser certaines de ses fonctionnalit\u00e9s. Le cookie est utilis\u00e9 pour stocker l&rsquo;adresse IP de votre appareil et ne contiendra aucune donn\u00e9e personnelle.<\/p>\n<h4>Contacter ROSLAL<\/h4>\n<p>Veuillez nous informer par email \u00e0 support@smart-rocket.com si vous :<\/p>\n<p>(a) ne souhaitez pas que vos donn\u00e9es personnelles soient utilis\u00e9es de la mani\u00e8re d\u00e9crite ci-dessus ;<\/p>\n<p>(b) souhaitez voir les donn\u00e9es personnelles que nous d\u00e9tenons \u00e0 votre sujet. Nous nous efforcerons de r\u00e9pondre \u00e0 votre requ\u00eate dans les 30 jours suivant la r\u00e9ception de votre demande.<\/p>\n<p>Cette politique de confidentialit\u00e9 est r\u00e9gie et interpr\u00e9t\u00e9e conform\u00e9ment \u00e0 la loi sur la r\u00e9gion administrative sp\u00e9ciale de Hong Kong.<\/p>\n<p>Le texte officiel de ce document est maintenu en anglais. En cas d&rsquo;incompatibilit\u00e9 ou de conflit entre l&rsquo;anglais et les autres versions linguistiques, la version anglaise pr\u00e9vaudra. ROSLAL d\u00e9cline toute responsabilit\u00e9 pour toute traduction incorrecte ou inexacte, et pour tout dommage subi par les utilisateurs \u00e0 la suite d&rsquo;erreurs de traduction.<\/p>\n<p>Derni\u00e8re mise \u00e0 jour: 21 Mai 2018<\/p>\n","protected":false},"excerpt":{"rendered":"<p>Merci de votre int\u00e9r\u00eat pour SmartRocket. La plate-forme Internet SmartRocket est d\u00e9tenue et exploit\u00e9e par Red Ocean Solutions Ltd. (\u00abROSL\u00bb), une compagnie enregistr\u00e9e \u00e0 Hong Kong S.A.R. sis \u00e0 l&rsquo;adresse: 602, 43 Lyndhurst Terrace, Central, Hong Kong.<\/p>\n","protected":false},"author":1,"featured_media":0,"parent":0,"menu_order":0,"comment_status":"closed","ping_status":"closed","template":"","meta":[],"_links":{"self":[{"href":"https:\/\/www.smart-rocket.com\/dz-fr\/wp-json\/wp\/v2\/pages\/571"}],"collection":[{"href":"https:\/\/www.smart-rocket.com\/dz-fr\/wp-json\/wp\/v2\/pages"}],"about":[{"href":"https:\/\/www.smart-rocket.com\/dz-fr\/wp-json\/wp\/v2\/types\/page"}],"author":[{"embeddable":true,"href":"https:\/\/www.smart-rocket.com\/dz-fr\/wp-json\/wp\/v2\/users\/1"}],"replies":[{"embeddable":true,"href":"https:\/\/www.smart-rocket.com\/dz-fr\/wp-json\/wp\/v2\/comments?post=571"}],"version-history":[{"count":0,"href":"https:\/\/www.smart-rocket.com\/dz-fr\/wp-json\/wp\/v2\/pages\/571\/revisions"}],"wp:attachment":[{"href":"https:\/\/www.smart-rocket.com\/dz-fr\/wp-json\/wp\/v2\/media?parent=571"}],"curies":[{"name":"wp","href":"https:\/\/api.w.org\/{rel}","templated":true}]}}