{"id":2,"date":"2017-07-25T21:33:33","date_gmt":"2017-07-25T21:33:33","guid":{"rendered":"http:\/\/www.smart-rocket.com\/?page_id=2"},"modified":"2018-06-04T09:15:46","modified_gmt":"2018-06-04T09:15:46","slug":"crew","status":"publish","type":"page","link":"https:\/\/www.smart-rocket.com\/ma-fr\/crew\/","title":{"rendered":"Rejoignez l&rsquo;\u00e9quipe SmartRocket"},"content":{"rendered":"","protected":false},"excerpt":{"rendered":"<p>Gagnez de l&rsquo;argent en accomplissant des missions pr\u00e9s de chez vous sur votre smart phone. O\u00f9 et quand vous voulez. Commencez \u00e0 gagner de l&rsquo;argent aujourd&rsquo;hui m\u00eame !<\/p>\n","protected":false},"author":1,"featured_media":0,"parent":0,"menu_order":0,"comment_status":"closed","ping_status":"open","template":"template-crew.php","meta":[],"_links":{"self":[{"href":"https:\/\/www.smart-rocket.com\/ma-fr\/wp-json\/wp\/v2\/pages\/2"}],"collection":[{"href":"https:\/\/www.smart-rocket.com\/ma-fr\/wp-json\/wp\/v2\/pages"}],"about":[{"href":"https:\/\/www.smart-rocket.com\/ma-fr\/wp-json\/wp\/v2\/types\/page"}],"author":[{"embeddable":true,"href":"https:\/\/www.smart-rocket.com\/ma-fr\/wp-json\/wp\/v2\/users\/1"}],"replies":[{"embeddable":true,"href":"https:\/\/www.smart-rocket.com\/ma-fr\/wp-json\/wp\/v2\/comments?post=2"}],"version-history":[{"count":3,"href":"https:\/\/www.smart-rocket.com\/ma-fr\/wp-json\/wp\/v2\/pages\/2\/revisions"}],"predecessor-version":[{"id":574,"href":"https:\/\/www.smart-rocket.com\/ma-fr\/wp-json\/wp\/v2\/pages\/2\/revisions\/574"}],"wp:attachment":[{"href":"https:\/\/www.smart-rocket.com\/ma-fr\/wp-json\/wp\/v2\/media?parent=2"}],"curies":[{"name":"wp","href":"https:\/\/api.w.org\/{rel}","templated":true}]}}